{"id":1562,"date":"2017-12-18T15:43:38","date_gmt":"2017-12-18T14:43:38","guid":{"rendered":"http:\/\/www.tc-prottes.at\/cms\/?page_id=1562"},"modified":"2025-05-06T14:13:29","modified_gmt":"2025-05-06T12:13:29","slug":"5-2partners","status":"publish","type":"page","link":"https:\/\/www.tc-prottes.at\/cms\/5-2partners\/","title":{"rendered":"Links"},"content":{"rendered":"<div class='row'><div style='padding-bottom:40px;' class='span9 first-module module_number_1 module_cont  module_contact_info'><div class='bg_title'><h3 style='' class='headInModule'>Verb\u00e4nde<\/h3><\/div><ul class='contact_info_list'><li class='contact_info_item'><div class='contact_info_wrapper'><span class='contact_info_icon' style='background:#c5c5c5;'><i style='color:#ffffff' class='icon-chevron-right'><\/i><\/span><div class=\"contact_info_text\"><a href=\"http:\/\/www.noetv.at\/\">N\u00d6TV<\/a><\/div><\/div><\/li><li class='contact_info_item'><div class='contact_info_wrapper'><span class='contact_info_icon' style='background:#c5c5c5;'><i style='color:#ffffff' class='icon-chevron-right'><\/i><\/span><div class=\"contact_info_text\"><a href=\"http:\/\/www.oetv.at\/\">OETV<\/a><\/div><\/div><\/li><li class='contact_info_item'><div class='contact_info_wrapper'><span class='contact_info_icon' style='background:#c5c5c5;'><i style='color:#ffffff' class='icon-chevron-right'><\/i><\/span><div class=\"contact_info_text\"><a href=\"http:\/\/www.grenzlandtennis.at\/\">Grenzlandtennis<\/a><\/div><\/div><\/li><\/ul><\/div><!-- .module_cont --><div style='padding-bottom:40px;' class='span12  module_number_2 module_cont  module_divider'><hr class=\" \"><\/div><!-- .module_cont --><\/div><div class='row'><div style='padding-bottom:40px;' class='span9  module_number_3 module_cont  module_contact_info'><div class='bg_title'><h3 style='' class='headInModule'>Tennisvereine<\/h3><\/div><ul class='contact_info_list'><li class='contact_info_item'><div class='contact_info_wrapper'><span class='contact_info_icon' style='background:#c5c5c5;'><i style='color:#ffffff' class='icon-chevron-right'><\/i><\/span><div class=\"contact_info_text\"><a href=\"https:\/\/tennisclub-gaenserndorf.at\/\">TC G\u00e4nserndorf<\/a><\/div><\/div><\/li><li class='contact_info_item'><div class='contact_info_wrapper'><span class='contact_info_icon' style='background:#c5c5c5;'><i style='color:#ffffff' class='icon-chevron-right'><\/i><\/span><div class=\"contact_info_text\"><a href=\"https:\/\/www.utc-matzen.at\/\">UTC Matzen<\/a><\/div><\/div><\/li><li class='contact_info_item'><div class='contact_info_wrapper'><span class='contact_info_icon' style='background:#c5c5c5;'><i style='color:#ffffff' class='icon-chevron-right'><\/i><\/span><div class=\"contact_info_text\"><a href=\"https:\/\/duernkrut.tennisplatz.info\/\">TC D\u00fcrnkrut<\/a><\/div><\/div><\/li><li class='contact_info_item'><div class='contact_info_wrapper'><span class='contact_info_icon' style='background:#c5c5c5;'><i style='color:#ffffff' class='icon-chevron-right'><\/i><\/span><div class=\"contact_info_text\"><a href=\"https:\/\/pillichsdorf-tennis.jimdofree.com\/\">TC Pillichsdorf<\/a><\/div><\/div><\/li><li class='contact_info_item'><div class='contact_info_wrapper'><span class='contact_info_icon' style='background:#c5c5c5;'><i style='color:#ffffff' class='icon-chevron-right'><\/i><\/span><div class=\"contact_info_text\"><a href=\"https:\/\/www.facebook.com\/p\/Tennis-Club-Ollersdorf-100063788365984\/?locale=de_DE\">TC Ollersdorf<\/a><\/div><\/div><\/li><li class='contact_info_item'><div class='contact_info_wrapper'><span class='contact_info_icon' style='background:#c5c5c5;'><i style='color:#ffffff' class='icon-chevron-right'><\/i><\/span><div class=\"contact_info_text\"><a href=\"https:\/\/tc-marchegg.jimdosite.com\/\">TC Marchegg<\/a><\/div><\/div><\/li><li class='contact_info_item'><div class='contact_info_wrapper'><span class='contact_info_icon' style='background:#c5c5c5;'><i style='color:#ffffff' class='icon-chevron-right'><\/i><\/span><div class=\"contact_info_text\"><a href=\"https:\/\/www.utc-lassee.at\/\">UTC Lassee<\/a><\/div><\/div><\/li><li class='contact_info_item'><div class='contact_info_wrapper'><span class='contact_info_icon' style='background:#c5c5c5;'><i style='color:#ffffff' class='icon-chevron-right'><\/i><\/span><div class=\"contact_info_text\"><a href=\"https:\/\/www.tennisfreaks.at\/\">Tennis Freaks<\/a><\/div><\/div><\/li><\/ul><\/div><!-- .module_cont --><div style='padding-bottom:40px;' class='span12  module_number_4 module_cont  module_divider'><hr class=\" \"><\/div><!-- .module_cont --><\/div><div class='row'><div style='padding-bottom:40px;' class='span9  module_number_5 module_cont  module_contact_info'><div class='bg_title'><h3 style='' class='headInModule'>Turniere<\/h3><\/div><ul class='contact_info_list'><li class='contact_info_item'><div class='contact_info_wrapper'><span class='contact_info_icon' style='background:#c5c5c5;'><i style='color:#ffffff' class='icon-chevron-right'><\/i><\/span><div class=\"contact_info_text\"><a href=\"https:\/\/www.noetv.at\/turniere\">N\u00d6TV Turniere<\/a><\/div><\/div><\/li><\/ul><\/div><!-- .module_cont --><div style='padding-bottom:40px;' class='span12  module_number_6 module_cont  module_divider'><hr class=\" \"><\/div><!-- .module_cont --><\/div><div class='row'><div style='padding-bottom:40px;' class='span9  module_number_7 module_cont  module_contact_info'><div class='bg_title'><h3 style='' class='headInModule'>Protteser Marktgemeinde & Vereine<\/h3><\/div><ul class='contact_info_list'><li class='contact_info_item'><div class='contact_info_wrapper'><span class='contact_info_icon' style='background:#c5c5c5;'><i style='color:#ffffff' class='icon-chevron-right'><\/i><\/span><div class=\"contact_info_text\"><a href=\"http:\/\/www.prottes.at\/\"> Marktgemeinde Prottes<\/a><\/div><\/div><\/li><li class='contact_info_item'><div class='contact_info_wrapper'><span class='contact_info_icon' style='background:#c5c5c5;'><i style='color:#ffffff' class='icon-chevron-right'><\/i><\/span><div class=\"contact_info_text\"><a href=\"http:\/\/www.musikverein-prottes.at\/content\/\">Musikverein Prottes<\/a><\/div><\/div><\/li><li class='contact_info_item'><div class='contact_info_wrapper'><span class='contact_info_icon' style='background:#c5c5c5;'><i style='color:#ffffff' class='icon-chevron-right'><\/i><\/span><div class=\"contact_info_text\"><a href=\"http:\/\/www.feuerwehr-prottes.at\/cms2\/index.php?section=home\">Freiwillige Feuerwehr Prottes<\/a><\/div><\/div><\/li><li class='contact_info_item'><div class='contact_info_wrapper'><span class='contact_info_icon' style='background:#c5c5c5;'><i style='color:#ffffff' class='icon-chevron-right'><\/i><\/span><div class=\"contact_info_text\"><a href=\"https:\/\/vereine.oefb.at\/ProttesSc\/News\/\">SC OMV Prottes<\/a><\/div><\/div><\/li><\/ul><\/div><!-- .module_cont --><\/div>","protected":false},"excerpt":{"rendered":"<p>Verb\u00e4ndeN\u00d6TVOETVGrenzlandtennisTennisvereineTC G\u00e4nserndorfUTC MatzenTC D\u00fcrnkrutTC PillichsdorfTC OllersdorfTC MarcheggUTC LasseeTennis FreaksTurniereN\u00d6TV TurniereProtteser Marktgemeinde &#038; Vereine Marktgemeinde ProttesMusikverein ProttesFreiwillige Feuerwehr ProttesSC OMV Prottes<\/p>\n","protected":false},"author":2,"featured_media":0,"parent":0,"menu_order":0,"comment_status":"open","ping_status":"open","template":"","meta":{"footnotes":""},"class_list":["post-1562","page","type-page","status-publish","hentry"],"_links":{"self":[{"href":"https:\/\/www.tc-prottes.at\/cms\/wp-json\/wp\/v2\/pages\/1562","targetHints":{"allow":["GET"]}}],"collection":[{"href":"https:\/\/www.tc-prottes.at\/cms\/wp-json\/wp\/v2\/pages"}],"about":[{"href":"https:\/\/www.tc-prottes.at\/cms\/wp-json\/wp\/v2\/types\/page"}],"author":[{"embeddable":true,"href":"https:\/\/www.tc-prottes.at\/cms\/wp-json\/wp\/v2\/users\/2"}],"replies":[{"embeddable":true,"href":"https:\/\/www.tc-prottes.at\/cms\/wp-json\/wp\/v2\/comments?post=1562"}],"version-history":[{"count":4,"href":"https:\/\/www.tc-prottes.at\/cms\/wp-json\/wp\/v2\/pages\/1562\/revisions"}],"predecessor-version":[{"id":3184,"href":"https:\/\/www.tc-prottes.at\/cms\/wp-json\/wp\/v2\/pages\/1562\/revisions\/3184"}],"wp:attachment":[{"href":"https:\/\/www.tc-prottes.at\/cms\/wp-json\/wp\/v2\/media?parent=1562"}],"curies":[{"name":"wp","href":"https:\/\/api.w.org\/{rel}","templated":true}]}}