{"id":2251,"date":"2020-04-22T13:08:00","date_gmt":"2020-04-22T11:08:00","guid":{"rendered":"http:\/\/www.tc-prottes.at\/cms\/?page_id=2251"},"modified":"2025-04-10T13:40:50","modified_gmt":"2025-04-10T11:40:50","slug":"reservierung","status":"publish","type":"page","link":"https:\/\/www.tc-prottes.at\/cms\/reservierung\/","title":{"rendered":"Spielbetrieb &#038; Platzreservierung"},"content":{"rendered":"\n<p><br><strong>SPIELBETRIEB <\/strong><\/p>\n\n\n\n<p><br>Bis auf weiteres sind nur Einzelspiele gestattet. Zudem kann auch an der Trainingswand gespielt werden. Wir ersuchen alle, sorgsam mit den Tennisb\u00e4llen umzugehen und eine Durchmischung zu vermeiden. B\u00e4lle gibt es um \u20ac 3,00 vom Club &#8211; bitte mit Initialen oder Symbolen kennzeichnen.<br><br><\/p>\n\n\n\n<p><\/p>\n\n\n\n<hr class=\"wp-block-separator\"\/>\n\n\n\n<p><br><strong>TRAININGSBETRIEB<\/strong><\/p>\n\n\n\n<p><br>Der Trainingsbetrieb bei Erwachsenen soll\/darf als Einzeltraining oder in Kleinstgruppen (2-4 Personen plus Coach) als Stationsbetrieb durchgef\u00fchrt werden.<\/p>\n\n\n\n<p>Bei Kindern (bis\nzehn Jahre) und Jugendlichen (11-18 Jahre) sind bis vorerst Mitte Mai nur\nEinzeltrainings m\u00f6glich.<\/p>\n\n\n\n<p>Jeder Verein und jede\/r Spieler\/in ist selbst daf\u00fcr verantwortlich, sich \u00fcber die aktuellen Sicherheitsma\u00dfnahmen und Verhaltensregeln auf dem Laufenden zu halten. <br><br><\/p>\n\n\n\n<p><\/p>\n\n\n\n<hr class=\"wp-block-separator\"\/>\n\n\n\n<p><br><strong>PLATZRESERVIERUNG <\/strong><\/p>\n\n\n\n<p><br>Ab sofort k\u00f6nnen bei uns alle aktiven Mitglieder online Einheiten reservieren.<\/p>\n\n\n\n<p>Alle Sportler und Sportlerinnen erhalten vom Verein einen PIN und k\u00f6nnen damit Reservierungen <br>sehr einfach und unkompliziert buchen.<\/p>\n\n\n\n<p>Die genaue Anleitung k\u00f6nnt ihr euch hier einfach downloaden:   <a href=\"http:\/\/www.tc-prottes.at\/cms\/wp-content\/uploads\/2020\/04\/mySporti.ANLEITUNG_tcprottes.pdf\">Anleitung<\/a><\/p>\n\n\n\n<p>Bei Fragen steht euch nat\u00fcrlich der Vorstand jederzeit zur Verf\u00fcgung oder ihr meldet euch <br>einfach unter unserer allgemeinen Mailadresse: info@tc-prottes.at<br><br><\/p>\n\n\n\n<p><\/p>\n\n\n\n<p><\/p>\n<div class='row'><div style='padding-bottom:40px;' class='span12 first-module module_number_1 module_cont  module_divider'><hr class=\" \"><\/div><!-- .module_cont --><\/div>","protected":false},"excerpt":{"rendered":"<p>SPIELBETRIEB Bis auf weiteres sind nur Einzelspiele gestattet. Zudem kann auch an der Trainingswand gespielt werden. Wir ersuchen alle, sorgsam mit den Tennisb\u00e4llen umzugehen und eine Durchmischung zu vermeiden. B\u00e4lle gibt es um \u20ac 3,00 vom Club &#8211; bitte mit Initialen oder Symbolen kennzeichnen. TRAININGSBETRIEB Der Trainingsbetrieb bei Erwachsenen soll\/darf als Einzeltraining oder in Kleinstgruppen (2-4 Personen plus Coach) als Stationsbetrieb durchgef\u00fchrt werden. Bei Kindern (bis zehn Jahre) und Jugendlichen (11-18 Jahre) sind bis vorerst Mitte Mai nur Einzeltrainings m\u00f6glich. Jeder Verein und jede\/r Spieler\/in ist selbst daf\u00fcr verantwortlich, sich \u00fcber die aktuellen Sicherheitsma\u00dfnahmen und Verhaltensregeln auf dem Laufenden zu halten. PLATZRESERVIERUNG Ab sofort k\u00f6nnen bei uns alle aktiven Mitglieder online Einheiten reservieren. Alle Sportler und Sportlerinnen erhalten vom Verein einen PIN und k\u00f6nnen damit Reservierungen sehr einfach und unkompliziert buchen. Die genaue Anleitung k\u00f6nnt ihr euch hier einfach downloaden: Anleitung Bei Fragen steht euch nat\u00fcrlich der Vorstand jederzeit zur Verf\u00fcgung oder ihr meldet euch einfach unter unserer allgemeinen Mailadresse: info@tc-prottes.at<\/p>\n","protected":false},"author":2,"featured_media":0,"parent":0,"menu_order":0,"comment_status":"open","ping_status":"closed","template":"","meta":{"footnotes":""},"class_list":["post-2251","page","type-page","status-publish","hentry"],"_links":{"self":[{"href":"https:\/\/www.tc-prottes.at\/cms\/wp-json\/wp\/v2\/pages\/2251","targetHints":{"allow":["GET"]}}],"collection":[{"href":"https:\/\/www.tc-prottes.at\/cms\/wp-json\/wp\/v2\/pages"}],"about":[{"href":"https:\/\/www.tc-prottes.at\/cms\/wp-json\/wp\/v2\/types\/page"}],"author":[{"embeddable":true,"href":"https:\/\/www.tc-prottes.at\/cms\/wp-json\/wp\/v2\/users\/2"}],"replies":[{"embeddable":true,"href":"https:\/\/www.tc-prottes.at\/cms\/wp-json\/wp\/v2\/comments?post=2251"}],"version-history":[{"count":16,"href":"https:\/\/www.tc-prottes.at\/cms\/wp-json\/wp\/v2\/pages\/2251\/revisions"}],"predecessor-version":[{"id":2288,"href":"https:\/\/www.tc-prottes.at\/cms\/wp-json\/wp\/v2\/pages\/2251\/revisions\/2288"}],"wp:attachment":[{"href":"https:\/\/www.tc-prottes.at\/cms\/wp-json\/wp\/v2\/media?parent=2251"}],"curies":[{"name":"wp","href":"https:\/\/api.w.org\/{rel}","templated":true}]}}