{"id":2978,"date":"2025-05-06T13:06:17","date_gmt":"2025-05-06T11:06:17","guid":{"rendered":"https:\/\/www.tc-prottes.at\/cms\/?page_id=2978"},"modified":"2026-02-11T09:36:11","modified_gmt":"2026-02-11T08:36:11","slug":"gallery-page-2","status":"publish","type":"page","link":"https:\/\/www.tc-prottes.at\/cms\/gallery-page-2\/","title":{"rendered":"Arten der Mitgliedschaft"},"content":{"rendered":"<div class='row'><div style='padding-bottom:40px;' class='span12 first-module module_number_1 module_cont  module_text_area'>\r\n                <div class='module_content'>\r\n                    \r\n                <\/div><\/div><!-- .module_cont --><\/div><div class='row'><div style='padding-bottom:40px;' class='span9  module_number_2 module_cont  module_price_table'><div class='bg_title'><h3 style='' class='headInModule'>Arten der Mitgliedschaft<\/h3><\/div><div class=\"module_price_table price_table_wrapper\">\r\n                <div class=\"price_item \" style=\"width:33.333333333333%;\">\r\n                    <div class=\"price_item_wrapper\">\r\n\t\t\t\t\t\t<div class=\"price_item_title\"><h5>Bambini<\/h5><\/div>\r\n\t\t\t\t\t\t<div class=\"price_item_body\">\r\n\t\t\t\t\t\t\t<div class=\"item_cost_wrapper\">\r\n\t\t\t\t\t\t\t\t<div class=\"price_item_cost\">\r\n\t\t\t\t\t\t\t\t\t<h1>40\u20ac<\/h1>\r\n\t\t\t\t\t\t\t\t\t<h5><\/h5>\r\n\t\t\t\t\t\t\t\t<\/div>\r\n\t\t\t\t\t\t\t\t<div class=\"price_ico_default\"><\/div>\r\n\t\t\t\t\t\t\t<\/div><!-- .item_cost_wrapper --><div class=\"price_item_text\">Vorschulkinder (bis zum Vollendeten 6. LJ)<\/div><div class=\"price_item_text\">10 Spieleinheiten<\/div><div class=\"price_item_text\">Schl\u00e4ger & B\u00e4lle vom Verein<\/div><div class=\"price_item_text\">Jugendcamp-Teilnahmeberechtigung<\/div>           \t<div class=\"price_item_btn\"><a href=\"\"><\/a><\/div>\r\n\t\t\t\t\t\t<\/div>\r\n                    <\/div>\r\n                <\/div>\r\n            \r\n                <div class=\"price_item \" style=\"width:33.333333333333%;\">\r\n                    <div class=\"price_item_wrapper\">\r\n\t\t\t\t\t\t<div class=\"price_item_title\"><h5>Jugend<\/h5><\/div>\r\n\t\t\t\t\t\t<div class=\"price_item_body\">\r\n\t\t\t\t\t\t\t<div class=\"item_cost_wrapper\">\r\n\t\t\t\t\t\t\t\t<div class=\"price_item_cost\">\r\n\t\t\t\t\t\t\t\t\t<h1>100\u20ac<\/h1>\r\n\t\t\t\t\t\t\t\t\t<h5><\/h5>\r\n\t\t\t\t\t\t\t\t<\/div>\r\n\t\t\t\t\t\t\t\t<div class=\"price_ico_default\"><\/div>\r\n\t\t\t\t\t\t\t<\/div><!-- .item_cost_wrapper --><div class=\"price_item_text\">6-16 Jahre<\/div><div class=\"price_item_text\">Reservierungsm\u00f6glichkeit von 1 Fixstunde in der Zeit von  \r\nMo-Do 7:00-16:00, Fr 7:00-14:00<\/div><div class=\"price_item_text\">10 Trainingseinheiten<\/div><div class=\"price_item_text\">Jugendcamp- Teilnahmeberechtigung<\/div><div class=\"price_item_text\">Meisterschaftsteilnahme nach Auswahl durch die sportliche Leitung<\/div>           \t<div class=\"price_item_btn\"><a href=\"\"><\/a><\/div>\r\n\t\t\t\t\t\t<\/div>\r\n                    <\/div>\r\n                <\/div>\r\n            \r\n                <div class=\"price_item \" style=\"width:33.333333333333%;\">\r\n                    <div class=\"price_item_wrapper\">\r\n\t\t\t\t\t\t<div class=\"price_item_title\"><h5>Einzel<\/h5><\/div>\r\n\t\t\t\t\t\t<div class=\"price_item_body\">\r\n\t\t\t\t\t\t\t<div class=\"item_cost_wrapper\">\r\n\t\t\t\t\t\t\t\t<div class=\"price_item_cost\">\r\n\t\t\t\t\t\t\t\t\t<h1>160\u20ac<\/h1>\r\n\t\t\t\t\t\t\t\t\t<h5><\/h5>\r\n\t\t\t\t\t\t\t\t<\/div>\r\n\t\t\t\t\t\t\t\t<div class=\"price_ico_default\"><\/div>\r\n\t\t\t\t\t\t\t<\/div><!-- .item_cost_wrapper --><div class=\"price_item_text\">Reservierungsm\u00f6glichkeit von 1 Fixstunde in der Zeit von  \r\nMo-So 7:00-22:00  <\/div><div class=\"price_item_text\">Meisterschaftsteilnahme nach Auswahl durch die sportliche Leitung<\/div>           \t<div class=\"price_item_btn\"><a href=\"\"><\/a><\/div>\r\n\t\t\t\t\t\t<\/div>\r\n                    <\/div>\r\n                <\/div>\r\n            <\/div><\/div><!-- .module_cont --><div style='padding-bottom:40px;' class='span9  module_number_3 module_cont  module_price_table'><div class=\"module_price_table price_table_wrapper\">\r\n                <div class=\"price_item \" style=\"width:33.333333333333%;\">\r\n                    <div class=\"price_item_wrapper\">\r\n\t\t\t\t\t\t<div class=\"price_item_title\"><h5>Einsteiger<\/h5><\/div>\r\n\t\t\t\t\t\t<div class=\"price_item_body\">\r\n\t\t\t\t\t\t\t<div class=\"item_cost_wrapper\">\r\n\t\t\t\t\t\t\t\t<div class=\"price_item_cost\">\r\n\t\t\t\t\t\t\t\t\t<h1>110\u20ac<\/h1>\r\n\t\t\t\t\t\t\t\t\t<h5><\/h5>\r\n\t\t\t\t\t\t\t\t<\/div>\r\n\t\t\t\t\t\t\t\t<div class=\"price_ico_default\"><\/div>\r\n\t\t\t\t\t\t\t<\/div><!-- .item_cost_wrapper --><div class=\"price_item_text\">im 1. Spieljahr f\u00fcr Einzelpersonen oder f\u00fcr   \r\nSch\u00fcler*innen, Studierende, Lehrlinge, Pr\u00e4senz-\/Zivildiener<\/div><div class=\"price_item_text\">Reservierungsm\u00f6glichkeit von 1 Fixstunde in der Zeit von  \r\nMo-So 7:00-22:00 <\/div><div class=\"price_item_text\">Meisterschaftsteilnahme nach Auswahl durch die sportliche Leitung <\/div>           \t<div class=\"price_item_btn\"><a href=\"\"><\/a><\/div>\r\n\t\t\t\t\t\t<\/div>\r\n                    <\/div>\r\n                <\/div>\r\n            \r\n                <div class=\"price_item \" style=\"width:33.333333333333%;\">\r\n                    <div class=\"price_item_wrapper\">\r\n\t\t\t\t\t\t<div class=\"price_item_title\"><h5>Familie<\/h5><\/div>\r\n\t\t\t\t\t\t<div class=\"price_item_body\">\r\n\t\t\t\t\t\t\t<div class=\"item_cost_wrapper\">\r\n\t\t\t\t\t\t\t\t<div class=\"price_item_cost\">\r\n\t\t\t\t\t\t\t\t\t<h1>320\u20ac<\/h1>\r\n\t\t\t\t\t\t\t\t\t<h5><\/h5>\r\n\t\t\t\t\t\t\t\t<\/div>\r\n\t\t\t\t\t\t\t\t<div class=\"price_ico_default\"><\/div>\r\n\t\t\t\t\t\t\t<\/div><!-- .item_cost_wrapper --><div class=\"price_item_text\">f\u00fcr alle Angeh\u00f6rigen eines Haushaltes<\/div><div class=\"price_item_text\">Reservierungsm\u00f6glichkeit von 2 Fixstunden\/Woche in der  \r\nZeit von Mo-So 7:00-22:00<\/div><div class=\"price_item_text\">Meisterschaftsteilnahme nach Auswahl durch die sportliche Leitung<\/div><div class=\"price_item_text\"><\/div><div class=\"price_item_text\"><\/div><div class=\"price_item_text\"><\/div>           \t<div class=\"price_item_btn\"><a href=\"\"><\/a><\/div>\r\n\t\t\t\t\t\t<\/div>\r\n                    <\/div>\r\n                <\/div>\r\n            \r\n                <div class=\"price_item \" style=\"width:33.333333333333%;\">\r\n                    <div class=\"price_item_wrapper\">\r\n\t\t\t\t\t\t<div class=\"price_item_title\"><h5>Meisterschaftsbeitrag<\/h5><\/div>\r\n\t\t\t\t\t\t<div class=\"price_item_body\">\r\n\t\t\t\t\t\t\t<div class=\"item_cost_wrapper\">\r\n\t\t\t\t\t\t\t\t<div class=\"price_item_cost\">\r\n\t\t\t\t\t\t\t\t\t<h1>35\u20ac<\/h1>\r\n\t\t\t\t\t\t\t\t\t<h5><\/h5>\r\n\t\t\t\t\t\t\t\t<\/div>\r\n\t\t\t\t\t\t\t\t<div class=\"price_ico_default\"><\/div>\r\n\t\t\t\t\t\t\t<\/div><!-- .item_cost_wrapper --><div class=\"price_item_text\">Meisterschaftsteilnahme nach Auswahl durch die sportliche Leitung<\/div><div class=\"price_item_text\">Ausgenommen: Sch\u00fclerInnen, Lehrlinge, Studierende, Pr\u00e4senz-\/Zivildiener<\/div>           \t<div class=\"price_item_btn\"><a href=\"\"><\/a><\/div>\r\n\t\t\t\t\t\t<\/div>\r\n                    <\/div>\r\n                <\/div>\r\n            <\/div><\/div><!-- .module_cont --><\/div><div class='row'><div style='padding-bottom:40px;' class='span6  module_number_4 module_cont  module_price_table'><div class=\"module_price_table price_table_wrapper\">\r\n                <div class=\"price_item \" style=\"width:50%;\">\r\n                    <div class=\"price_item_wrapper\">\r\n\t\t\t\t\t\t<div class=\"price_item_title\"><h5>Mitgliedschaft ohne Tennis<\/h5><\/div>\r\n\t\t\t\t\t\t<div class=\"price_item_body\">\r\n\t\t\t\t\t\t\t<div class=\"item_cost_wrapper\">\r\n\t\t\t\t\t\t\t\t<div class=\"price_item_cost\">\r\n\t\t\t\t\t\t\t\t\t<h1>50\u20ac<\/h1>\r\n\t\t\t\t\t\t\t\t\t<h5><\/h5>\r\n\t\t\t\t\t\t\t\t<\/div>\r\n\t\t\t\t\t\t\t\t<div class=\"price_ico_default\"><\/div>\r\n\t\t\t\t\t\t\t<\/div><!-- .item_cost_wrapper --><div class=\"price_item_text\">Teilnahme an allen Clubveranstaltungen<\/div><div class=\"price_item_text\">ohne Tennisspielberechtigung<\/div>           \t<div class=\"price_item_btn\"><a href=\"\"><\/a><\/div>\r\n\t\t\t\t\t\t<\/div>\r\n                    <\/div>\r\n                <\/div>\r\n            \r\n                <div class=\"price_item \" style=\"width:50%;\">\r\n                    <div class=\"price_item_wrapper\">\r\n\t\t\t\t\t\t<div class=\"price_item_title\"><h5>unterst\u00fctzendes Mitglied<\/h5><\/div>\r\n\t\t\t\t\t\t<div class=\"price_item_body\">\r\n\t\t\t\t\t\t\t<div class=\"item_cost_wrapper\">\r\n\t\t\t\t\t\t\t\t<div class=\"price_item_cost\">\r\n\t\t\t\t\t\t\t\t\t<h1>20\u20ac<\/h1>\r\n\t\t\t\t\t\t\t\t\t<h5><\/h5>\r\n\t\t\t\t\t\t\t\t<\/div>\r\n\t\t\t\t\t\t\t\t<div class=\"price_ico_default\"><\/div>\r\n\t\t\t\t\t\t\t<\/div><!-- .item_cost_wrapper --><div class=\"price_item_text\">ohne Rechte und Pflichten<\/div>           \t<div class=\"price_item_btn\"><a href=\"\"><\/a><\/div>\r\n\t\t\t\t\t\t<\/div>\r\n                    <\/div>\r\n                <\/div>\r\n            <\/div><\/div><!-- .module_cont --><div style='padding-bottom:40px;' class='span9  module_number_5 module_cont  module_divider'><hr class=\" \"><\/div><!-- .module_cont --><\/div><div class='row'><div style='padding-bottom:40px;' class='span9  module_number_6 module_cont  module_price_table'><div class=\"module_price_table price_table_wrapper\">\r\n                <div class=\"price_item \" style=\"width:50%;\">\r\n                    <div class=\"price_item_wrapper\">\r\n\t\t\t\t\t\t<div class=\"price_item_title\"><h5>G\u00e4stespielbeitrag<\/h5><\/div>\r\n\t\t\t\t\t\t<div class=\"price_item_body\">\r\n\t\t\t\t\t\t\t<div class=\"item_cost_wrapper\">\r\n\t\t\t\t\t\t\t\t<div class=\"price_item_cost\">\r\n\t\t\t\t\t\t\t\t\t<h1>8\u20ac<\/h1>\r\n\t\t\t\t\t\t\t\t\t<h5><\/h5>\r\n\t\t\t\t\t\t\t\t<\/div>\r\n\t\t\t\t\t\t\t\t<div class=\"price_ico_default\"><\/div>\r\n\t\t\t\t\t\t\t<\/div><!-- .item_cost_wrapper --><div class=\"price_item_text\">Mo-So 7.00-22.00<\/div>           \t<div class=\"price_item_btn\"><a href=\"\"><\/a><\/div>\r\n\t\t\t\t\t\t<\/div>\r\n                    <\/div>\r\n                <\/div>\r\n            \r\n                <div class=\"price_item \" style=\"width:50%;\">\r\n                    <div class=\"price_item_wrapper\">\r\n\t\t\t\t\t\t<div class=\"price_item_title\"><h5>Platzmiete<\/h5><\/div>\r\n\t\t\t\t\t\t<div class=\"price_item_body\">\r\n\t\t\t\t\t\t\t<div class=\"item_cost_wrapper\">\r\n\t\t\t\t\t\t\t\t<div class=\"price_item_cost\">\r\n\t\t\t\t\t\t\t\t\t<h1>16\u20ac<\/h1>\r\n\t\t\t\t\t\t\t\t\t<h5><\/h5>\r\n\t\t\t\t\t\t\t\t<\/div>\r\n\t\t\t\t\t\t\t\t<div class=\"price_ico_default\"><\/div>\r\n\t\t\t\t\t\t\t<\/div><!-- .item_cost_wrapper --><div class=\"price_item_text\">Mo-So 7.00-22.00<\/div>           \t<div class=\"price_item_btn\"><a href=\"\"><\/a><\/div>\r\n\t\t\t\t\t\t<\/div>\r\n                    <\/div>\r\n                <\/div>\r\n            <\/div><\/div><!-- .module_cont --><div style='padding-bottom:40px;' class='span9  module_number_7 module_cont  module_divider'><hr class=\" \"><\/div><!-- .module_cont --><\/div>","protected":false},"excerpt":{"rendered":"<p>Arten der Mitgliedschaft Bambini 40\u20ac Vorschulkinder (bis zum Vollendeten 6. LJ)10 SpieleinheitenSchl\u00e4ger &#038; B\u00e4lle vom VereinJugendcamp-Teilnahmeberechtigung Jugend 100\u20ac 6-16 JahreReservierungsm\u00f6glichkeit von 1 Fixstunde in der Zeit von Mo-Do 7:00-16:00, Fr 7:00-14:0010 TrainingseinheitenJugendcamp- TeilnahmeberechtigungMeisterschaftsteilnahme nach Auswahl durch die sportliche Leitung Einzel 160\u20ac Reservierungsm\u00f6glichkeit von 1 Fixstunde in der Zeit von Mo-So 7:00-22:00 Meisterschaftsteilnahme nach Auswahl durch die sportliche Leitung Einsteiger 110\u20ac im 1. Spieljahr f\u00fcr Einzelpersonen oder f\u00fcr Sch\u00fcler*innen, Studierende, Lehrlinge, Pr\u00e4senz-\/ZivildienerReservierungsm\u00f6glichkeit von 1 Fixstunde in der Zeit von Mo-So 7:00-22:00 Meisterschaftsteilnahme nach Auswahl durch die sportliche Leitung Familie 320\u20ac f\u00fcr alle Angeh\u00f6rigen eines HaushaltesReservierungsm\u00f6glichkeit von 2 Fixstunden\/Woche in der Zeit von Mo-So 7:00-22:00Meisterschaftsteilnahme nach Auswahl durch die sportliche Leitung Meisterschaftsbeitrag 35\u20ac Meisterschaftsteilnahme nach Auswahl durch die sportliche LeitungAusgenommen: Sch\u00fclerInnen, Lehrlinge, Studierende, Pr\u00e4senz-\/Zivildiener Mitgliedschaft ohne Tennis 50\u20ac Teilnahme an allen Clubveranstaltungenohne Tennisspielberechtigung unterst\u00fctzendes Mitglied 20\u20ac ohne Rechte und Pflichten G\u00e4stespielbeitrag 8\u20ac Mo-So 7.00-22.00 Platzmiete 16\u20ac Mo-So 7.00-22.00<\/p>\n","protected":false},"author":2,"featured_media":0,"parent":0,"menu_order":0,"comment_status":"closed","ping_status":"closed","template":"","meta":{"footnotes":""},"class_list":["post-2978","page","type-page","status-publish","hentry"],"_links":{"self":[{"href":"https:\/\/www.tc-prottes.at\/cms\/wp-json\/wp\/v2\/pages\/2978","targetHints":{"allow":["GET"]}}],"collection":[{"href":"https:\/\/www.tc-prottes.at\/cms\/wp-json\/wp\/v2\/pages"}],"about":[{"href":"https:\/\/www.tc-prottes.at\/cms\/wp-json\/wp\/v2\/types\/page"}],"author":[{"embeddable":true,"href":"https:\/\/www.tc-prottes.at\/cms\/wp-json\/wp\/v2\/users\/2"}],"replies":[{"embeddable":true,"href":"https:\/\/www.tc-prottes.at\/cms\/wp-json\/wp\/v2\/comments?post=2978"}],"version-history":[{"count":1,"href":"https:\/\/www.tc-prottes.at\/cms\/wp-json\/wp\/v2\/pages\/2978\/revisions"}],"predecessor-version":[{"id":3175,"href":"https:\/\/www.tc-prottes.at\/cms\/wp-json\/wp\/v2\/pages\/2978\/revisions\/3175"}],"wp:attachment":[{"href":"https:\/\/www.tc-prottes.at\/cms\/wp-json\/wp\/v2\/media?parent=2978"}],"curies":[{"name":"wp","href":"https:\/\/api.w.org\/{rel}","templated":true}]}}